{"id":1049,"date":"2013-04-26T14:05:58","date_gmt":"2013-04-26T11:05:58","guid":{"rendered":"http:\/\/www.test.newtime.ee\/raitwood\/?page_id=1049"},"modified":"2022-01-31T10:46:16","modified_gmt":"2022-01-31T08:46:16","slug":"sawmills-and-rawmaterial","status":"publish","type":"page","link":"https:\/\/raitwood.ee\/en\/company\/business-areas\/sawmills-and-rawmaterial\/","title":{"rendered":"Sawmills and rawmaterial"},"content":{"rendered":"<table border=\"0\">\n<tbody>\n<tr>\n<td>Rait AS is connected to three sawmills through ownership. The three modern sawmills are processing softwood logs with small diameter originating predominantly from Estonian forest. The sawmills are jointly owned with Lemeks AS &#8211; one of the largest private forest management and harvesting companies in Estonia.<\/p>\n<p><strong>Aegviidu Puit AS<\/strong><br \/>\nMartin Heintalu, CEO<br \/>\nAddress \u00a0 \u00a0 \u00a0 \u00a0 \u00a0Niinsoni tee 2, 74501 Aegviidu, Harjumaa, Estonia<br \/>\nPhone\u00a0 \u00a0 \u00a0 \u00a0 \u00a0 \u00a0 \u00a0+372 605 3660<br \/>\nE-mail <a href=\"mailto:aegviidu.puit@nordwood.ee\">aegviidu.puit@nordwood.ee<\/a><\/p>\n<p><strong>Viiratsi Saeveski AS<\/strong><br \/>\nT\u00f5nu Ehrpais, CEO<br \/>\nAddress\u00a0 \u00a0 \u00a0 \u00a0 \u00a0Vana-V\u00f5idu k\u00fcla, Viiratsi vald, 70108 Viljandimaa, Estonia<br \/>\nPhone\u00a0 \u00a0 \u00a0 \u00a0 \u00a0 \u00a0 +372 33 8630<br \/>\nE- mail\u00a0\u00a0\u00a0\u00a0\u00a0\u00a0\u00a0\u00a0\u00a0\u00a0 <a href=\"mailto:info@viiratsisv.ee\">info@viiratsisv.ee<\/a><\/p>\n<p><strong>Viru-Nigula Saeveski AS<\/strong><br \/>\nVeiko Erm, CEO<br \/>\nPhone\u00a0 \u00a0 \u00a0 \u00a0 \u00a0 \u00a0 +372\u00a0512 2896<br \/>\nAddress\u00a0\u00a0\u00a0\u00a0\u00a0\u00a0\u00a0\u00a0\u00a0 Vasta k\u00fcla, Viru-Nigula vald 44001, L\u00e4\u00e4ne-Virumaa<br \/>\nE-mail\u00a0\u00a0\u00a0\u00a0\u00a0\u00a0\u00a0\u00a0\u00a0\u00a0\u00a0 <a href=\"mailto:Veiko.Erm@nordwood.ee\">Veiko.Erm@nordwood.ee<\/a><\/p>\n<p><strong>Sawn Timber Sales<\/strong><br \/>\nT\u00f5nu Tsernant, Sales Director \u2013 sawn timber<br \/>\nE-mail\u00a0\u00a0\u00a0\u00a0\u00a0\u00a0\u00a0\u00a0\u00a0\u00a0\u00a0\u00a0 <a href=\"mailto:Tonu.Tsernent@test.newtime.ee\/raitwood\">Tonu.Tsernant@test.newtime.ee\/raitwood<\/a><br \/>\nPhone\u00a0 \u00a0 \u00a0 \u00a0 \u00a0 \u00a0 +372 505 0066<\/p>\n<p>All three sawmills are equipped with HewSaw technology, specially designed for processing small diameter logs. The annual production of the three mills is 200\u00a0000 m3 of sawn timber.<\/p>\n<p>Close connection to the sawmills and rawmaterial provides stability of supply to the further links in the value chain. The three mills are located in the different regions of Estonia thus covering large catchment area for logs.<\/p>\n<p>The operations and the sales of the three mills are run by the joint team of professionals.<\/td>\n<td style=\"width: 80px;\"><img loading=\"lazy\" decoding=\"async\" class=\"alignright wp-image-1400\" src=\"https:\/\/raitwood.ee\/wp-content\/uploads\/2013\/03\/saematerjal-liinil-300x199.jpg\" alt=\"\" width=\"270\" height=\"179\" srcset=\"https:\/\/raitwood.ee\/wp-content\/uploads\/2013\/03\/saematerjal-liinil-300x199.jpg 300w, https:\/\/raitwood.ee\/wp-content\/uploads\/2013\/03\/saematerjal-liinil-212x142.jpg 212w, https:\/\/raitwood.ee\/wp-content\/uploads\/2013\/03\/saematerjal-liinil.jpg 800w\" sizes=\"auto, (max-width: 270px) 100vw, 270px\" \/><img loading=\"lazy\" decoding=\"async\" class=\"alignright wp-image-361\" src=\"https:\/\/raitwood.ee\/wp-content\/uploads\/2012\/07\/Puiduotsad-300x199.jpg\" alt=\"\" width=\"270\" height=\"179\" \/><\/td>\n<\/tr>\n<\/tbody>\n<\/table>\n<p>&nbsp;<\/p>\n","protected":false},"excerpt":{"rendered":"<p>Rait AS is connected to three sawmills through ownership. The three modern sawmills are processing softwood logs with small diameter&#46;&#46;&#46;<\/p>\n","protected":false},"author":47,"featured_media":0,"parent":1046,"menu_order":1,"comment_status":"open","ping_status":"open","template":"","meta":{"_acf_changed":false,"om_disable_all_campaigns":false,"footnotes":""},"class_list":["post-1049","page","type-page","status-publish","hentry"],"acf":[],"yoast_head":"<!-- This site is optimized with the Yoast SEO plugin v27.1.1 - https:\/\/yoast.com\/product\/yoast-seo-wordpress\/ -->\n<title>Sawmills and rawmaterial | RAITWOOD<\/title>\n<meta name=\"robots\" content=\"noindex, follow\" \/>\n<meta property=\"og:locale\" content=\"en_US\" \/>\n<meta property=\"og:type\" content=\"article\" \/>\n<meta property=\"og:title\" content=\"Sawmills and rawmaterial | RAITWOOD\" \/>\n<meta property=\"og:description\" content=\"Rait AS is connected to three sawmills through ownership. The three modern sawmills are processing softwood logs with small diameter&#046;&#046;&#046;\" \/>\n<meta property=\"og:url\" content=\"https:\/\/raitwood.ee\/en\/company\/business-areas\/sawmills-and-rawmaterial\/\" \/>\n<meta property=\"og:site_name\" content=\"RAITWOOD\" \/>\n<meta property=\"article:modified_time\" content=\"2022-01-31T08:46:16+00:00\" \/>\n<meta property=\"og:image\" content=\"https:\/\/raitwood.ee\/wp-content\/uploads\/2013\/03\/saematerjal-liinil-300x199.jpg\" \/>\n<meta name=\"twitter:card\" content=\"summary_large_image\" \/>\n<meta name=\"twitter:label1\" content=\"Est. reading time\" \/>\n\t<meta name=\"twitter:data1\" content=\"1 minute\" \/>\n<script type=\"application\/ld+json\" class=\"yoast-schema-graph\">{\"@context\":\"https:\/\/schema.org\",\"@graph\":[{\"@type\":\"WebPage\",\"@id\":\"https:\/\/raitwood.ee\/en\/company\/business-areas\/sawmills-and-rawmaterial\/\",\"url\":\"https:\/\/raitwood.ee\/en\/company\/business-areas\/sawmills-and-rawmaterial\/\",\"name\":\"Sawmills and rawmaterial | RAITWOOD\",\"isPartOf\":{\"@id\":\"https:\/\/raitwood.ee\/#website\"},\"primaryImageOfPage\":{\"@id\":\"https:\/\/raitwood.ee\/en\/company\/business-areas\/sawmills-and-rawmaterial\/#primaryimage\"},\"image\":{\"@id\":\"https:\/\/raitwood.ee\/en\/company\/business-areas\/sawmills-and-rawmaterial\/#primaryimage\"},\"thumbnailUrl\":\"https:\/\/raitwood.ee\/wp-content\/uploads\/2013\/03\/saematerjal-liinil-300x199.jpg\",\"datePublished\":\"2013-04-26T11:05:58+00:00\",\"dateModified\":\"2022-01-31T08:46:16+00:00\",\"breadcrumb\":{\"@id\":\"https:\/\/raitwood.ee\/en\/company\/business-areas\/sawmills-and-rawmaterial\/#breadcrumb\"},\"inLanguage\":\"en-US\",\"potentialAction\":[{\"@type\":\"ReadAction\",\"target\":[\"https:\/\/raitwood.ee\/en\/company\/business-areas\/sawmills-and-rawmaterial\/\"]}]},{\"@type\":\"ImageObject\",\"inLanguage\":\"en-US\",\"@id\":\"https:\/\/raitwood.ee\/en\/company\/business-areas\/sawmills-and-rawmaterial\/#primaryimage\",\"url\":\"https:\/\/raitwood.ee\/wp-content\/uploads\/2013\/03\/saematerjal-liinil-300x199.jpg\",\"contentUrl\":\"https:\/\/raitwood.ee\/wp-content\/uploads\/2013\/03\/saematerjal-liinil-300x199.jpg\"},{\"@type\":\"BreadcrumbList\",\"@id\":\"https:\/\/raitwood.ee\/en\/company\/business-areas\/sawmills-and-rawmaterial\/#breadcrumb\",\"itemListElement\":[{\"@type\":\"ListItem\",\"position\":1,\"name\":\"Company\",\"item\":\"https:\/\/raitwood.ee\/en\/company\/\"},{\"@type\":\"ListItem\",\"position\":2,\"name\":\"Business areas\",\"item\":\"https:\/\/raitwood.ee\/en\/company\/business-areas\/\"},{\"@type\":\"ListItem\",\"position\":3,\"name\":\"Sawmills and rawmaterial\"}]},{\"@type\":\"WebSite\",\"@id\":\"https:\/\/raitwood.ee\/#website\",\"url\":\"https:\/\/raitwood.ee\/\",\"name\":\"RAITWOOD\",\"description\":\"Nordic sawn timber and profiled boards\",\"potentialAction\":[{\"@type\":\"SearchAction\",\"target\":{\"@type\":\"EntryPoint\",\"urlTemplate\":\"https:\/\/raitwood.ee\/?s={search_term_string}\"},\"query-input\":{\"@type\":\"PropertyValueSpecification\",\"valueRequired\":true,\"valueName\":\"search_term_string\"}}],\"inLanguage\":\"en-US\"}]}<\/script>\n<!-- \/ Yoast SEO plugin. -->","yoast_head_json":{"title":"Sawmills and rawmaterial | RAITWOOD","robots":{"index":"noindex","follow":"follow"},"og_locale":"en_US","og_type":"article","og_title":"Sawmills and rawmaterial | RAITWOOD","og_description":"Rait AS is connected to three sawmills through ownership. The three modern sawmills are processing softwood logs with small diameter&#46;&#46;&#46;","og_url":"https:\/\/raitwood.ee\/en\/company\/business-areas\/sawmills-and-rawmaterial\/","og_site_name":"RAITWOOD","article_modified_time":"2022-01-31T08:46:16+00:00","og_image":[{"url":"https:\/\/raitwood.ee\/wp-content\/uploads\/2013\/03\/saematerjal-liinil-300x199.jpg","type":"","width":"","height":""}],"twitter_card":"summary_large_image","twitter_misc":{"Est. reading time":"1 minute"},"schema":{"@context":"https:\/\/schema.org","@graph":[{"@type":"WebPage","@id":"https:\/\/raitwood.ee\/en\/company\/business-areas\/sawmills-and-rawmaterial\/","url":"https:\/\/raitwood.ee\/en\/company\/business-areas\/sawmills-and-rawmaterial\/","name":"Sawmills and rawmaterial | RAITWOOD","isPartOf":{"@id":"https:\/\/raitwood.ee\/#website"},"primaryImageOfPage":{"@id":"https:\/\/raitwood.ee\/en\/company\/business-areas\/sawmills-and-rawmaterial\/#primaryimage"},"image":{"@id":"https:\/\/raitwood.ee\/en\/company\/business-areas\/sawmills-and-rawmaterial\/#primaryimage"},"thumbnailUrl":"https:\/\/raitwood.ee\/wp-content\/uploads\/2013\/03\/saematerjal-liinil-300x199.jpg","datePublished":"2013-04-26T11:05:58+00:00","dateModified":"2022-01-31T08:46:16+00:00","breadcrumb":{"@id":"https:\/\/raitwood.ee\/en\/company\/business-areas\/sawmills-and-rawmaterial\/#breadcrumb"},"inLanguage":"en-US","potentialAction":[{"@type":"ReadAction","target":["https:\/\/raitwood.ee\/en\/company\/business-areas\/sawmills-and-rawmaterial\/"]}]},{"@type":"ImageObject","inLanguage":"en-US","@id":"https:\/\/raitwood.ee\/en\/company\/business-areas\/sawmills-and-rawmaterial\/#primaryimage","url":"https:\/\/raitwood.ee\/wp-content\/uploads\/2013\/03\/saematerjal-liinil-300x199.jpg","contentUrl":"https:\/\/raitwood.ee\/wp-content\/uploads\/2013\/03\/saematerjal-liinil-300x199.jpg"},{"@type":"BreadcrumbList","@id":"https:\/\/raitwood.ee\/en\/company\/business-areas\/sawmills-and-rawmaterial\/#breadcrumb","itemListElement":[{"@type":"ListItem","position":1,"name":"Company","item":"https:\/\/raitwood.ee\/en\/company\/"},{"@type":"ListItem","position":2,"name":"Business areas","item":"https:\/\/raitwood.ee\/en\/company\/business-areas\/"},{"@type":"ListItem","position":3,"name":"Sawmills and rawmaterial"}]},{"@type":"WebSite","@id":"https:\/\/raitwood.ee\/#website","url":"https:\/\/raitwood.ee\/","name":"RAITWOOD","description":"Nordic sawn timber and profiled boards","potentialAction":[{"@type":"SearchAction","target":{"@type":"EntryPoint","urlTemplate":"https:\/\/raitwood.ee\/?s={search_term_string}"},"query-input":{"@type":"PropertyValueSpecification","valueRequired":true,"valueName":"search_term_string"}}],"inLanguage":"en-US"}]}},"_links":{"self":[{"href":"https:\/\/raitwood.ee\/en\/wp-json\/wp\/v2\/pages\/1049","targetHints":{"allow":["GET"]}}],"collection":[{"href":"https:\/\/raitwood.ee\/en\/wp-json\/wp\/v2\/pages"}],"about":[{"href":"https:\/\/raitwood.ee\/en\/wp-json\/wp\/v2\/types\/page"}],"author":[{"embeddable":true,"href":"https:\/\/raitwood.ee\/en\/wp-json\/wp\/v2\/users\/47"}],"replies":[{"embeddable":true,"href":"https:\/\/raitwood.ee\/en\/wp-json\/wp\/v2\/comments?post=1049"}],"version-history":[{"count":1,"href":"https:\/\/raitwood.ee\/en\/wp-json\/wp\/v2\/pages\/1049\/revisions"}],"predecessor-version":[{"id":19718,"href":"https:\/\/raitwood.ee\/en\/wp-json\/wp\/v2\/pages\/1049\/revisions\/19718"}],"up":[{"embeddable":true,"href":"https:\/\/raitwood.ee\/en\/wp-json\/wp\/v2\/pages\/1046"}],"wp:attachment":[{"href":"https:\/\/raitwood.ee\/en\/wp-json\/wp\/v2\/media?parent=1049"}],"curies":[{"name":"wp","href":"https:\/\/api.w.org\/{rel}","templated":true}]}}