{"id":22597,"date":"2020-12-18T11:37:51","date_gmt":"2020-12-18T09:37:51","guid":{"rendered":"https:\/\/raitwood.ee\/avaleht\/"},"modified":"2023-11-28T15:51:14","modified_gmt":"2023-11-28T13:51:14","slug":"avaleht","status":"publish","type":"page","link":"https:\/\/raitwood.ee\/pl\/","title":{"rendered":"Avaleht"},"content":{"rendered":"<p>&nbsp;<\/p>\n<div style=\"display: none;\"><\/div>\n<div style=\"display: none;\"><\/div>\n","protected":false},"excerpt":{"rendered":"<p>&nbsp;<\/p>\n","protected":false},"author":61,"featured_media":0,"parent":0,"menu_order":0,"comment_status":"closed","ping_status":"closed","template":"page-front.php","meta":{"_acf_changed":false,"om_disable_all_campaigns":false,"footnotes":""},"class_list":["post-22597","page","type-page","status-publish","hentry"],"acf":[],"yoast_head":"<!-- This site is optimized with the Yoast SEO plugin v27.1.1 - https:\/\/yoast.com\/product\/yoast-seo-wordpress\/ -->\n<title>Puitmaterjal - okaspuidust puitmaterjali m\u00fc\u00fck | RAITWOOD<\/title>\n<meta name=\"description\" content=\"P\u00f5hjamaisest okaspuidust puitmaterjali m\u00fc\u00fck. Kvaliteetne sertifikaatidega puitmaterjal ehitamiseks. Puidupoed Tallinnas ja Tartus. Vali \u00f5ige puit ehitusele!\" \/>\n<meta name=\"robots\" content=\"index, follow, max-snippet:-1, max-image-preview:large, max-video-preview:-1\" \/>\n<link rel=\"canonical\" href=\"https:\/\/raitwood.ee\/pl\/\" \/>\n<meta property=\"og:locale\" content=\"pl_PL\" \/>\n<meta property=\"og:type\" content=\"article\" \/>\n<meta property=\"og:title\" content=\"Puitmaterjal - okaspuidust puitmaterjali m\u00fc\u00fck | RAITWOOD\" \/>\n<meta property=\"og:description\" content=\"P\u00f5hjamaisest okaspuidust puitmaterjali m\u00fc\u00fck. Kvaliteetne sertifikaatidega puitmaterjal ehitamiseks. Puidupoed Tallinnas ja Tartus. Vali \u00f5ige puit ehitusele!\" \/>\n<meta property=\"og:url\" content=\"https:\/\/raitwood.ee\/pl\/\" \/>\n<meta property=\"og:site_name\" content=\"RAITWOOD\" \/>\n<meta property=\"article:modified_time\" content=\"2023-11-28T13:51:14+00:00\" \/>\n<meta name=\"twitter:card\" content=\"summary_large_image\" \/>\n<script type=\"application\/ld+json\" class=\"yoast-schema-graph\">{\"@context\":\"https:\/\/schema.org\",\"@graph\":[{\"@type\":\"WebPage\",\"@id\":\"https:\/\/raitwood.ee\/pl\/\",\"url\":\"https:\/\/raitwood.ee\/pl\/\",\"name\":\"Puitmaterjal - okaspuidust puitmaterjali m\u00fc\u00fck | RAITWOOD\",\"isPartOf\":{\"@id\":\"https:\/\/raitwood.ee\/#website\"},\"datePublished\":\"2020-12-18T09:37:51+00:00\",\"dateModified\":\"2023-11-28T13:51:14+00:00\",\"description\":\"P\u00f5hjamaisest okaspuidust puitmaterjali m\u00fc\u00fck. Kvaliteetne sertifikaatidega puitmaterjal ehitamiseks. Puidupoed Tallinnas ja Tartus. Vali \u00f5ige puit ehitusele!\",\"inLanguage\":\"pl-PL\",\"potentialAction\":[{\"@type\":\"ReadAction\",\"target\":[\"https:\/\/raitwood.ee\/pl\/\"]}]},{\"@type\":\"WebSite\",\"@id\":\"https:\/\/raitwood.ee\/#website\",\"url\":\"https:\/\/raitwood.ee\/\",\"name\":\"RAITWOOD\",\"description\":\"Nordic sawn timber and profiled boards\",\"potentialAction\":[{\"@type\":\"SearchAction\",\"target\":{\"@type\":\"EntryPoint\",\"urlTemplate\":\"https:\/\/raitwood.ee\/?s={search_term_string}\"},\"query-input\":{\"@type\":\"PropertyValueSpecification\",\"valueRequired\":true,\"valueName\":\"search_term_string\"}}],\"inLanguage\":\"pl-PL\"}]}<\/script>\n<!-- \/ Yoast SEO plugin. -->","yoast_head_json":{"title":"Puitmaterjal - okaspuidust puitmaterjali m\u00fc\u00fck | RAITWOOD","description":"P\u00f5hjamaisest okaspuidust puitmaterjali m\u00fc\u00fck. Kvaliteetne sertifikaatidega puitmaterjal ehitamiseks. Puidupoed Tallinnas ja Tartus. Vali \u00f5ige puit ehitusele!","robots":{"index":"index","follow":"follow","max-snippet":"max-snippet:-1","max-image-preview":"max-image-preview:large","max-video-preview":"max-video-preview:-1"},"canonical":"https:\/\/raitwood.ee\/pl\/","og_locale":"pl_PL","og_type":"article","og_title":"Puitmaterjal - okaspuidust puitmaterjali m\u00fc\u00fck | RAITWOOD","og_description":"P\u00f5hjamaisest okaspuidust puitmaterjali m\u00fc\u00fck. Kvaliteetne sertifikaatidega puitmaterjal ehitamiseks. Puidupoed Tallinnas ja Tartus. Vali \u00f5ige puit ehitusele!","og_url":"https:\/\/raitwood.ee\/pl\/","og_site_name":"RAITWOOD","article_modified_time":"2023-11-28T13:51:14+00:00","twitter_card":"summary_large_image","schema":{"@context":"https:\/\/schema.org","@graph":[{"@type":"WebPage","@id":"https:\/\/raitwood.ee\/pl\/","url":"https:\/\/raitwood.ee\/pl\/","name":"Puitmaterjal - okaspuidust puitmaterjali m\u00fc\u00fck | RAITWOOD","isPartOf":{"@id":"https:\/\/raitwood.ee\/#website"},"datePublished":"2020-12-18T09:37:51+00:00","dateModified":"2023-11-28T13:51:14+00:00","description":"P\u00f5hjamaisest okaspuidust puitmaterjali m\u00fc\u00fck. Kvaliteetne sertifikaatidega puitmaterjal ehitamiseks. Puidupoed Tallinnas ja Tartus. Vali \u00f5ige puit ehitusele!","inLanguage":"pl-PL","potentialAction":[{"@type":"ReadAction","target":["https:\/\/raitwood.ee\/pl\/"]}]},{"@type":"WebSite","@id":"https:\/\/raitwood.ee\/#website","url":"https:\/\/raitwood.ee\/","name":"RAITWOOD","description":"Nordic sawn timber and profiled boards","potentialAction":[{"@type":"SearchAction","target":{"@type":"EntryPoint","urlTemplate":"https:\/\/raitwood.ee\/?s={search_term_string}"},"query-input":{"@type":"PropertyValueSpecification","valueRequired":true,"valueName":"search_term_string"}}],"inLanguage":"pl-PL"}]}},"_links":{"self":[{"href":"https:\/\/raitwood.ee\/pl\/wp-json\/wp\/v2\/pages\/22597","targetHints":{"allow":["GET"]}}],"collection":[{"href":"https:\/\/raitwood.ee\/pl\/wp-json\/wp\/v2\/pages"}],"about":[{"href":"https:\/\/raitwood.ee\/pl\/wp-json\/wp\/v2\/types\/page"}],"author":[{"embeddable":true,"href":"https:\/\/raitwood.ee\/pl\/wp-json\/wp\/v2\/users\/61"}],"replies":[{"embeddable":true,"href":"https:\/\/raitwood.ee\/pl\/wp-json\/wp\/v2\/comments?post=22597"}],"version-history":[{"count":4,"href":"https:\/\/raitwood.ee\/pl\/wp-json\/wp\/v2\/pages\/22597\/revisions"}],"predecessor-version":[{"id":23297,"href":"https:\/\/raitwood.ee\/pl\/wp-json\/wp\/v2\/pages\/22597\/revisions\/23297"}],"wp:attachment":[{"href":"https:\/\/raitwood.ee\/pl\/wp-json\/wp\/v2\/media?parent=22597"}],"curies":[{"name":"wp","href":"https:\/\/api.w.org\/{rel}","templated":true}]}}